{"id":10,"date":"2013-10-22T18:31:17","date_gmt":"2013-10-22T18:31:17","guid":{"rendered":"http:\/\/farahplus.com.br\/es\/?page_id=10"},"modified":"2020-03-30T17:37:55","modified_gmt":"2020-03-30T17:37:55","slug":"contato","status":"publish","type":"page","link":"http:\/\/farahplus.com.br\/es\/contato\/","title":{"rendered":"Contato"},"content":{"rendered":"<div class=\"fontsforweb_fontid_5206\">\n<p style=\"font-size: 15px;\">Para m\u00e1s informaci\u00f3n, p\u00f3ngase en contacto con nosotros<\/p>\n<\/div>\n<p>&nbsp;<\/p>\n<table style=\"width: 100%;\">\n<tbody>\n<tr>\n<td>\n<div class=\"wpcf7 no-js\" id=\"wpcf7-f9-o1\" lang=\"pt-BR\" dir=\"ltr\" data-wpcf7-id=\"9\">\n<div class=\"screen-reader-response\"><p role=\"status\" aria-live=\"polite\" aria-atomic=\"true\"><\/p> <ul><\/ul><\/div>\n<form action=\"\/es\/wp-json\/wp\/v2\/pages\/10#wpcf7-f9-o1\" method=\"post\" class=\"wpcf7-form init\" aria-label=\"Formul\u00e1rios de contato\" novalidate=\"novalidate\" data-status=\"init\">\n<div style=\"display: none;\">\n<input type=\"hidden\" name=\"_wpcf7\" value=\"9\" \/>\n<input type=\"hidden\" name=\"_wpcf7_version\" value=\"6.0.6\" \/>\n<input type=\"hidden\" name=\"_wpcf7_locale\" value=\"pt_BR\" \/>\n<input type=\"hidden\" name=\"_wpcf7_unit_tag\" value=\"wpcf7-f9-o1\" \/>\n<input type=\"hidden\" name=\"_wpcf7_container_post\" value=\"0\" \/>\n<input type=\"hidden\" name=\"_wpcf7_posted_data_hash\" value=\"\" \/>\n<\/div>\n<div>\n\t<div style=\"float: left; height: 40px; width: 285px;\">\n\t\t<p><span class=\"wpcf7-form-control-wrap\" data-name=\"your-name\"><input size=\"40\" maxlength=\"400\" class=\"wpcf7-form-control wpcf7-text wpcf7-validates-as-required\" aria-required=\"true\" aria-invalid=\"false\" value=\"\" type=\"text\" name=\"your-name\" \/><\/span>\n\t\t<\/p>\n\t<\/div>\n\t<div class=\"fontsforweb_fontid_5206\" style=\"float: left; font-size: 15px; height: 40px; line-height: 12px; margin: 0; padding: 0; width: 300px;padding-top: 5px;\">\n\t\t<p>Nombre\n\t\t<\/p>\n\t<\/div>\n\t<div style=\"clear:both;\">\n\t<\/div>\n<\/div>\n<div>\n\t<div style=\"float: left; height: 40px; width: 285px;\">\n\t\t<p><span class=\"wpcf7-form-control-wrap\" data-name=\"your-email\"><input size=\"40\" maxlength=\"400\" class=\"wpcf7-form-control wpcf7-email wpcf7-validates-as-required wpcf7-text wpcf7-validates-as-email\" aria-required=\"true\" aria-invalid=\"false\" value=\"\" type=\"email\" name=\"your-email\" \/><\/span>\n\t\t<\/p>\n\t<\/div>\n\t<div class=\"fontsforweb_fontid_5206\" style=\"float: left; font-size: 15px; height: 40px; line-height: 12px; margin: 0; padding: 0; width: 300px;padding-top: 5px;\">\n\t\t<p>E-mail\n\t\t<\/p>\n\t<\/div>\n\t<div style=\"clear:both;\">\n\t<\/div>\n<\/div>\n<div>\n\t<div style=\"float: left; height: 40px; width: 285px;\">\n\t\t<p><span class=\"wpcf7-form-control-wrap\" data-name=\"Telefone\"><input size=\"40\" maxlength=\"400\" class=\"wpcf7-form-control wpcf7-text\" aria-invalid=\"false\" value=\"\" type=\"text\" name=\"Telefone\" \/><\/span>\n\t\t<\/p>\n\t<\/div>\n\t<div class=\"fontsforweb_fontid_5206\" style=\"float: left; font-size: 15px; height: 40px; line-height: 12px; margin: 0; padding: 0; width: 300px;padding-top: 5px;\">\n\t\t<p>Tel\u00e9fono\n\t\t<\/p>\n\t<\/div>\n\t<div style=\"clear:both;\">\n\t<\/div>\n<\/div>\n<div>\n\t<div style=\"float: left; height: 40px; width: 285px; height: 250px;\">\n\t\t<p><span class=\"wpcf7-form-control-wrap\" data-name=\"your-message\"><textarea cols=\"40\" rows=\"10\" maxlength=\"2000\" class=\"wpcf7-form-control wpcf7-textarea\" aria-invalid=\"false\" name=\"your-message\"><\/textarea><\/span>\n\t\t<\/p>\n\t<\/div>\n\t<div class=\"fontsforweb_fontid_5206\" style=\"float: left; font-size: 15px; height: 40px; line-height: 12px; margin: 0; padding: 0; width: 300px; height: 250px;padding-top: 5px;\">\n\t\t<p>Mensaje\n\t\t<\/p>\n\t<\/div>\n\t<div style=\"clear:both;\">\n\t<\/div>\n<\/div>\n<div>\n\t<div class=\"fontsforweb_fontid_5206\" style=\"float: left; font-size: 15px; margin-top: 30px; margin: 0; padding: 0; width: 300px;padding-top: 5px;\">\n\t\t<p>Entra en el captcha\n\t\t<\/p>\n\t<\/div>\n\t<div style=\"clear:both;\">\n\t<\/div>\n\t<div>\n\t\t<p><input type=\"hidden\" name=\"_wpcf7_captcha_challenge_captcha-74\" value=\"797166377\" \/><img loading=\"lazy\" decoding=\"async\" class=\"wpcf7-form-control wpcf7-captchac wpcf7-captcha-captcha-74\" width=\"72\" height=\"24\" alt=\"captcha\" src=\"http:\/\/farahplus.com.br\/es\/wp-content\/wpcf7_captcha\/797166377.png\" \/>\n\t\t<\/p>\n\t<\/div>\n\t<div style=\"clear:both;\">\n\t<\/div>\n\t<p><span class=\"wpcf7-form-control-wrap\" data-name=\"captcha-74\"><input size=\"40\" class=\"wpcf7-form-control wpcf7-captchar\" autocomplete=\"off\" aria-invalid=\"false\" value=\"\" type=\"text\" name=\"captcha-74\" \/><\/span>\n\t<\/p>\n\t<div style=\"clear:both;\">\n\t<\/div>\n<\/div>\n<div>\n\t<p><input class=\"wpcf7-form-control wpcf7-submit has-spinner\" type=\"submit\" value=\"Enviar\" \/>\n\t<\/p>\n\t<div style=\"clear:both;\">\n\t<\/div>\n<\/div><div class=\"wpcf7-response-output\" aria-hidden=\"true\"><\/div>\n<\/form>\n<\/div>\n<\/td>\n<td style=\"vertical-align: middle;\">\n<div class=\"fontsforweb_fontid_5206\" style=\"text-align: right; font-size: 15px;\"><strong>S\u00e3o Paulo<\/strong><\/div>\n<div class=\"fontsforweb_fontid_5206\" style=\"text-align: right;\"><\/div>\n<div class=\"fontsforweb_fontid_5206\" style=\"text-align: right; font-size: 15px;\"><strong>New York<\/strong><\/div>\n<div class=\"fontsforweb_fontid_5206\" style=\"text-align: right;\"><\/div>\n<div class=\"fontsforweb_fontid_5206\" style=\"text-align: right; font-size: 15px;\">\n<p><strong>Santiago<\/strong><\/p>\n<\/div>\n<\/td>\n<\/tr>\n<\/tbody>\n<\/table>\n<div><a href=\"https:\/\/instagram.com\/farah_mais\/\" target=\"_blank\" rel=\"noopener\"><img loading=\"lazy\" decoding=\"async\" class=\"alignnone\" style=\"height: 55px; width: 55px;\" src=\"http:\/\/www.farahmais.com.br\/wp-content\/uploads\/2015\/08\/instagram.png\" alt=\"\" width=\"50\" height=\"50\" \/><\/a><\/div>\n","protected":false},"excerpt":{"rendered":"<p>Para m\u00e1s informaci\u00f3n, p\u00f3ngase en contacto con nosotros &nbsp; S\u00e3o Paulo New York Santiago<\/p>\n","protected":false},"author":1,"featured_media":0,"parent":0,"menu_order":0,"comment_status":"closed","ping_status":"closed","template":"","meta":{"footnotes":""},"class_list":["post-10","page","type-page","status-publish","hentry"],"_links":{"self":[{"href":"http:\/\/farahplus.com.br\/es\/wp-json\/wp\/v2\/pages\/10","targetHints":{"allow":["GET"]}}],"collection":[{"href":"http:\/\/farahplus.com.br\/es\/wp-json\/wp\/v2\/pages"}],"about":[{"href":"http:\/\/farahplus.com.br\/es\/wp-json\/wp\/v2\/types\/page"}],"author":[{"embeddable":true,"href":"http:\/\/farahplus.com.br\/es\/wp-json\/wp\/v2\/users\/1"}],"replies":[{"embeddable":true,"href":"http:\/\/farahplus.com.br\/es\/wp-json\/wp\/v2\/comments?post=10"}],"version-history":[{"count":33,"href":"http:\/\/farahplus.com.br\/es\/wp-json\/wp\/v2\/pages\/10\/revisions"}],"predecessor-version":[{"id":1858,"href":"http:\/\/farahplus.com.br\/es\/wp-json\/wp\/v2\/pages\/10\/revisions\/1858"}],"wp:attachment":[{"href":"http:\/\/farahplus.com.br\/es\/wp-json\/wp\/v2\/media?parent=10"}],"curies":[{"name":"wp","href":"https:\/\/api.w.org\/{rel}","templated":true}]}}