{"id":19,"date":"2013-10-22T18:33:52","date_gmt":"2013-10-22T18:33:52","guid":{"rendered":"http:\/\/farahplus.com.br\/es\/?page_id=19"},"modified":"2022-05-16T21:12:23","modified_gmt":"2022-05-16T21:12:23","slug":"perfil","status":"publish","type":"page","link":"http:\/\/farahplus.com.br\/es\/perfil\/","title":{"rendered":"Perfil"},"content":{"rendered":"<div class=\"fontsforweb_fontid_5206\" style=\"float: left; width: 60%;\">\n<p>Arquitecta, urbanista y dise\u00f1adora de interiores, Carol Farah trabaj\u00f3 en renombradas oficinas de arquitectura antes de crear Farah+ Arquitectura y Dise\u00f1o.<\/p>\n<p>La arquitecta se renueva constantemente y su m\u00e1s reciente inmersi\u00f3n en el universo del dise\u00f1o de interiores fue en la escuela Parsons School of Design en New York.<\/p>\n<p>Su oficina, consolidada hace m\u00e1s de 10 a\u00f1os con un equipo integrado, ha desarrollado proyectos residenciales y comerciales que priorizan la comodidad, la est\u00e9tica, la creatividad y los deseos de los clientes.<\/p>\n<p>En Brasil: actua intensamente en desarrollos inmobiliarios para las m\u00e1s renombradas construtoras y incorporadoras as\u00ed como en proyectos residenciales de alta gama.<\/p>\n<p>En USA y en Panam\u00e1, proyectos comerciales y residenciales de alta gama.<\/p>\n<\/div>\n<div style=\"float: right;\"><img decoding=\"async\" class=\"alignnone size-full wp-image-684\" style=\"width: 400px;\" src=\"http:\/\/farahplus.com.br\/es\/wp-content\/\/2022\/05\/foto-carol_72dpi.jpg\" alt=\"carollarissa\" \/><\/div>\n","protected":false},"excerpt":{"rendered":"<p>Arquitecta, urbanista y dise\u00f1adora de interiores, Carol Farah trabaj\u00f3 en renombradas oficinas de arquitectura antes de crear Farah+ Arquitectura y Dise\u00f1o. La arquitecta se renueva constantemente y su m\u00e1s reciente inmersi\u00f3n en el universo del dise\u00f1o de interiores fue en &hellip; <a href=\"http:\/\/farahplus.com.br\/es\/perfil\/\">Continuar lendo <span class=\"meta-nav\">&rarr;<\/span><\/a><\/p>\n","protected":false},"author":1,"featured_media":0,"parent":0,"menu_order":0,"comment_status":"closed","ping_status":"closed","template":"","meta":{"footnotes":""},"class_list":["post-19","page","type-page","status-publish","hentry"],"_links":{"self":[{"href":"http:\/\/farahplus.com.br\/es\/wp-json\/wp\/v2\/pages\/19","targetHints":{"allow":["GET"]}}],"collection":[{"href":"http:\/\/farahplus.com.br\/es\/wp-json\/wp\/v2\/pages"}],"about":[{"href":"http:\/\/farahplus.com.br\/es\/wp-json\/wp\/v2\/types\/page"}],"author":[{"embeddable":true,"href":"http:\/\/farahplus.com.br\/es\/wp-json\/wp\/v2\/users\/1"}],"replies":[{"embeddable":true,"href":"http:\/\/farahplus.com.br\/es\/wp-json\/wp\/v2\/comments?post=19"}],"version-history":[{"count":19,"href":"http:\/\/farahplus.com.br\/es\/wp-json\/wp\/v2\/pages\/19\/revisions"}],"predecessor-version":[{"id":2012,"href":"http:\/\/farahplus.com.br\/es\/wp-json\/wp\/v2\/pages\/19\/revisions\/2012"}],"wp:attachment":[{"href":"http:\/\/farahplus.com.br\/es\/wp-json\/wp\/v2\/media?parent=19"}],"curies":[{"name":"wp","href":"https:\/\/api.w.org\/{rel}","templated":true}]}}